{"id":3437,"date":"2021-05-15T10:39:45","date_gmt":"2021-05-15T09:39:45","guid":{"rendered":"https:\/\/www.eteria.biz\/?page_id=3437"},"modified":"2023-12-13T18:29:04","modified_gmt":"2023-12-13T17:29:04","slug":"privacy-policy","status":"publish","type":"page","link":"https:\/\/www.eteria.biz\/en\/privacy-policy\/","title":{"rendered":"Privacy Policy"},"content":{"rendered":"\t\t<div data-elementor-type=\"wp-page\" data-elementor-id=\"3437\" class=\"elementor elementor-3437\" data-elementor-post-type=\"page\">\n\t\t\t\t\t\t<section data-dce-background-overlay-color=\"#000000\" data-dce-background-image-url=\"https:\/\/www.eteria.biz\/wp-content\/uploads\/2021\/04\/drive-863123_1280-1.jpg\" class=\"elementor-section elementor-top-section elementor-element elementor-element-9b508f1 elementor-section-boxed elementor-section-height-default elementor-section-height-default\" data-id=\"9b508f1\" data-element_type=\"section\" data-e-type=\"section\" data-settings=\"{&quot;background_background&quot;:&quot;classic&quot;}\">\n\t\t\t\t\t\t\t<div class=\"elementor-background-overlay\"><\/div>\n\t\t\t\t\t\t\t<div class=\"elementor-container elementor-column-gap-default\">\n\t\t\t\t\t<div class=\"elementor-column elementor-col-100 elementor-top-column elementor-element elementor-element-5719b5f\" data-id=\"5719b5f\" data-element_type=\"column\" data-e-type=\"column\">\n\t\t\t<div class=\"elementor-widget-wrap elementor-element-populated\">\n\t\t\t\t\t\t<div class=\"elementor-element elementor-element-1e715da elementor-widget__width-auto elementor-widget-divider--view-line elementor-widget elementor-widget-divider\" data-id=\"1e715da\" data-element_type=\"widget\" data-e-type=\"widget\" data-widget_type=\"divider.default\">\n\t\t\t\t<div class=\"elementor-widget-container\">\n\t\t\t\t\t\t\t<div class=\"elementor-divider\">\n\t\t\t<span class=\"elementor-divider-separator\">\n\t\t\t\t\t\t<\/span>\n\t\t<\/div>\n\t\t\t\t\t\t<\/div>\n\t\t\t\t<\/div>\n\t\t\t\t<div class=\"elementor-element elementor-element-de613b2 elementor-widget elementor-widget-heading\" data-id=\"de613b2\" data-element_type=\"widget\" data-e-type=\"widget\" data-widget_type=\"heading.default\">\n\t\t\t\t<div class=\"elementor-widget-container\">\n\t\t\t\t\t<h2 class=\"elementor-heading-title elementor-size-default\">Privacy Policy<\/h2>\t\t\t\t<\/div>\n\t\t\t\t<\/div>\n\t\t\t\t\t<\/div>\n\t\t<\/div>\n\t\t\t\t\t<\/div>\n\t\t<\/section>\n\t\t\t\t<section class=\"elementor-section elementor-top-section elementor-element elementor-element-68c5748f elementor-section-boxed elementor-section-height-default elementor-section-height-default\" data-id=\"68c5748f\" data-element_type=\"section\" data-e-type=\"section\">\n\t\t\t\t\t\t<div class=\"elementor-container elementor-column-gap-default\">\n\t\t\t\t\t<div class=\"elementor-column elementor-col-100 elementor-top-column elementor-element elementor-element-6985e36b\" data-id=\"6985e36b\" data-element_type=\"column\" data-e-type=\"column\">\n\t\t\t<div class=\"elementor-widget-wrap elementor-element-populated\">\n\t\t\t\t\t\t<div class=\"elementor-element elementor-element-753641d8 elementor-widget elementor-widget-text-editor\" data-id=\"753641d8\" data-element_type=\"widget\" data-e-type=\"widget\" data-widget_type=\"text-editor.default\">\n\t\t\t\t<div class=\"elementor-widget-container\">\n\t\t\t\t\t\t\t\t\t<h4>Soggetti del trattamento<\/h4>\n<p><img decoding=\"async\" src=\"https:\/\/protezionedatipersonali.it\/images\/person.png\" alt=\"person\" width=\"49\" height=\"49\" title=\"\">&nbsp;Titolare&nbsp;del trattamento ai sensi delle leggi vigenti \u00e8 l&#8217;amministratore del sito, Eteria SRLS, contattabile tramite la sezione&nbsp;CONTATTI&nbsp;di questo sito.<\/p>\n<h4>&nbsp;<\/h4>\n<h4>&nbsp;<\/h4>\n<h4>Base giuridica del trattamento<\/h4>\n<p>Il presente sito tratta i dati prevalentemente in base al&nbsp;consenso&nbsp;degli utenti. Il conferimento del consenso avviene tramite il banner posto in fondo alla pagina, oppure tramite l\u2019uso o la consultazione del sito, quale comportamento concludente. Con l&#8217;uso o la consultazione del sito i visitatori e gli utenti approvano la presente informativa privacy e acconsentono al trattamento dei loro dati personali in relazione alle modalit\u00e0 e alle finalit\u00e0 di seguito descritte, compreso l&#8217;eventuale diffusione a terzi se necessaria per l&#8217;erogazione di un servizio. Tramite i moduli di comunicazione o di richiesta di servizi vengono raccolti ulteriori consensi relativi alla finalit\u00e0 specifica del servizio.<\/p>\n<p>Il conferimento dei dati e quindi il consenso alla raccolta e al trattamento dei dati \u00e8 facoltativo,&nbsp;l&#8217;Utente pu\u00f2 negare il consenso, e pu\u00f2 revocare in qualsiasi momento un consenso gi\u00e0 fornito&nbsp;(tramite il banner posto a fondo pagina o le impostazioni del browser per i cookie, o il link Contatti). Tuttavia negare il consenso pu\u00f2 comportare l&#8217;impossibilit\u00e0 di erogare alcuni servizi e l&#8217;esperienza di navigazione nel sito sarebbe compromessa.&nbsp;&nbsp;<\/p>\n<p>I&nbsp;dati per la sicurezza del sito e per la prevenzione da abusi e SPAM, nonch\u00e9 i dati per l\u2019analisi del traffico del sito (statistica) in forma aggregata, sono trattati in base al&nbsp;legittimo interesse&nbsp;del Titolare del trattamento alla tutela del sito e degli utenti stessi. In tali casi l&#8217;utente ha sempre il diritto di opporsi al trattamento dei dati (vedi par.&nbsp;Diritti dell&#8217;utente).&nbsp;<\/p>\n<p>I dati forniti per consulenze o incarichi professionali sono trattati in base all&#8217;adempimento di un contratto e l&#8217;adempimento di un obbligo legale. In tali casi viene fornita apposita informativa.&nbsp;<\/p>\n<p>&nbsp;<\/p>\n<h4>Finalit\u00e0 del trattamento<\/h4>\n<p><img decoding=\"async\" src=\"https:\/\/protezionedatipersonali.it\/images\/finalit%C3%A0.png\" alt=\"finalit\u00e0\" width=\"60\" height=\"60\" title=\"\">&nbsp;Il trattamento dei dati raccolti dal sito, oltre alle finalit\u00e0 connesse, strumentali e necessarie alla fornitura del servizio, \u00e8 volto alle seguenti finalit\u00e0:<\/p>\n<p>\u2013&nbsp;Statistica (analisi)<br>Raccolta di dati e informazioni in forma esclusivamente aggregata e anonima al fine di verificare il corretto funzionamento del sito. Nessuna di queste informazioni \u00e8 correlata alla persona fisica-Utente del sito, e non ne consentono in alcun modo l&#8217;identificazione. Non occorre il consenso.&nbsp;<\/p>\n<p>\u2013&nbsp;Sicurezza<br>Raccolta di dati e informazioni al fine di tutelare la sicurezza del sito (filtri antispam, firewall, rilevazione virus) e degli Utenti e per prevenire o smascherare frodi o abusi a danno del sito web. I dati sono registrati automaticamente e possono eventualmente comprendere anche dati personali (indirizzo Ip) che potrebbero essere utilizzati, conformemente alle leggi vigenti in materia, al fine di bloccare tentativi di danneggiamento al sito medesimo o di recare danno ad altri utenti, o comunque attivit\u00e0 dannose o costituenti reato. Tali dati non sono mai utilizzati per l&#8217;identificazione o la profilazione dell&#8217;Utente e vengono cancellati periodicamente. Non occorre il consenso.&nbsp;<\/p>\n<p>&#8211;&nbsp;Attivit\u00e0 accessorie<br>Comunicare i dati a terze parti che svolgono funzioni necessarie o strumentali all&#8217;operativit\u00e0 del servizio (es. box commenti), e per consentire a terze parti di svolgere attivit\u00e0 tecniche, logistiche e di altro tipo per nostro conto. I fornitori hanno accesso solo ai dati personali che sono necessari per svolgere i propri compiti, e si impegnano a non utilizzare i dati per altri scopi, e sono tenuti a trattare i dati personali in conformit\u00e0 delle normative vigenti.<\/p>\n<p>&#8211; Consulenze e incarichi professionali<br>In caso di invio spontaneo di dati al fine di chiedere una consulenza professionale oppure per un&#8217;incarico professionale, i dati saranno utilizzati al solo fine della valutazione dell&#8217;incarico e per l&#8217;eventuale adempimento dello stesso. In tali casi sar\u00e0 fornita apposita informativa.&nbsp;<\/p>\n<p>&nbsp;<\/p>\n<h4>&nbsp;Dati raccolti<\/h4>\n<p><img decoding=\"async\" src=\"https:\/\/protezionedatipersonali.it\/images\/data.png\" alt=\"data\" width=\"59\" height=\"59\" title=\"\">&nbsp;Il presente sito raccoglie dati degli utenti in due modi.<\/p>\n<p>&#8211;&nbsp;Dati raccolti in maniera automatizzata<br>Durante la navigazione degli Utenti possono essere raccolte le seguenti informazioni che vengono conservate nei file di log del server (hosting) del sito:<br>&#8211; indirizzo internet protocol (IP);<br>&#8211; tipo di browser;<br>&#8211; parametri del dispositivo usato per connettersi al sito;<br>&#8211; nome dell&#8217;internet service provider (ISP);<br>&#8211; data e orario di visita;<br>&#8211; pagina web di provenienza del visitatore (referral) e di uscita;<br>&#8211; eventualmente il numero di click.<\/p>\n<p>Questi dati sono utilizzati a fini di statistica e analisi, in forma esclusivamente aggregata. L\u2019indirizzo IP \u00e8 utilizzato esclusivamente a fini di sicurezza e non \u00e8 incrociato con nessun altro dato.<\/p>\n<p>&#8211;&nbsp;Dati conferiti volontariamente<\/p>\n<p>Il sito pu\u00f2 raccogliere altri dati in caso di utilizzo volontario di servizi da parte degli utenti, quali servizi di commenti, di comunicazione (moduli per contatti, box commenti), e verranno utilizzati esclusivamente per l&#8217;erogazione del servizio richiesto:&nbsp;<br>&#8211; nome;&nbsp;<br>&#8211; indirizzo email;&nbsp;<br>&#8211; eventuali dati ulteriori inviati spontaneamente dall&#8217;utente.&nbsp;<\/p>\n<p>&nbsp;<\/p>\n<h4>Luogo del trattamento<\/h4>\n<p>I dati sono trattati presso la sede del Titolare del Trattamento, e presso il datacenter del web Hosting (ARUBA). Il web hosting (ARUBA), \u00e8&nbsp;responsabile&nbsp;del trattamento, elaborando i dati per conto del titolare. VHosting si trova nello Spazio Economico Europeo e agisce in conformit\u00e0 delle norme europee.<\/p>\n<p>&nbsp;<\/p>\n<h4>Periodo di conservazione dei dati<\/h4>\n<p><img loading=\"lazy\" decoding=\"async\" src=\"https:\/\/protezionedatipersonali.it\/images\/time.png\" alt=\"time\" width=\"48\" height=\"48\" title=\"\">&nbsp;I dati raccolti dal sito durante il suo funzionamento sono conservati per il tempo strettamente necessario a svolgere le attivit\u00e0 precisate. Alla scadenza i dati saranno cancellati o anonimizzati, a meno che non sussistano ulteriori finalit\u00e0 per la conservazione degli stessi.<\/p>\n<p>I dati (indirizzo IP) utilizzati a fini di sicurezza del sito (blocco tentativi di danneggiare il sito) sono conservati per 30 giorni.&nbsp;<br>I dati per finalit\u00e0 di analytics (statistica) sono conservati in forma aggregata per 24 mesi.&nbsp;<\/p>\n<p>&nbsp;<\/p>\n<h4>Trasferimento dei dati raccolti a terze parti<\/h4>\n<p>I dati rilevati dal sito generalmente non vengono forniti a terzi, tranne che in casi specifici: legittima richiesta da parte dell\u2019autorit\u00e0 giudiziaria e nei soli casi previsti dalla legge; qualora sia necessario per la fornitura di uno specifico servizio richiesto dell&#8217;Utente; per l&#8217;esecuzione di controlli di sicurezza o di ottimizzazione del sito.<\/p>\n<p>&nbsp;<\/p>\n<h4>Trasferimento dei dati in paesi extra UE<\/h4>\n<p>Il presente sito potrebbe condividere alcuni dei dati raccolti con servizi localizzati al di fuori dell&#8217;area dell&#8217;Unione Europea. In particolare con Google, Facebook e Microsoft (LinkedIn) tramite i social plugin e il servizio di Google Analytics. Il trasferimento \u00e8 autorizzato in base a specifiche&nbsp;<a title=\"Trasferimento dei dati personali verso Paesi terzi\" href=\"https:\/\/www.garanteprivacy.it\/home\/provvedimenti-normativa\/normativa\/normativa-comunitaria-e-intenazionale\/trasferimento-dei-dati-verso-paesi-terzi\" target=\"_blank\" rel=\"noopener noreferrer\">decisioni dell&#8217;Unione Europea e del Garante per la tutela dei dati personali<\/a>, in particolare la decisione 1250\/2016 (<a title=\"Decisione di esecuzione (UE) 2016\/1250 della Commissione, del 12 luglio 2016, a norma della direttiva 95\/46\/CE del Parlamento europeo e del Consiglio, sull&#039;adeguatezza della protezione offerta dal regime dello scudo UE-USA per la privacy [notificata con il numero C(2016) 4176] (Testo rilevante ai fini del SEE)\" href=\"https:\/\/eur-lex.europa.eu\/legal-content\/IT\/TXT\/?uri=CELEX%3A32016D1250\" target=\"_blank\" rel=\"noopener\">Privacy Shield<\/a>&nbsp;&#8211; qui la&nbsp;<a title=\"Privacy Shield\" href=\"https:\/\/www.garanteprivacy.it\/web\/guest\/home\/docweb\/-\/docweb-display\/docweb\/5306161\" target=\"_blank\" rel=\"noopener\">pagina informativa del Garante italiano<\/a>), per cui non occorre ulteriore consenso.&nbsp;Le aziende sopra menzionate garantiscono la propria adesione al Privacy Shield.<\/p>\n<p>&nbsp;<\/p>\n<h4>Misure di sicurezza<\/h4>\n<p><img loading=\"lazy\" decoding=\"async\" src=\"https:\/\/protezionedatipersonali.it\/images\/security.png\" alt=\"security\" width=\"58\" height=\"58\" title=\"\">&nbsp;Trattiamo i dati dei visitatori\/utenti in maniera lecita e corretta, adottando le opportune misure di sicurezza volte ad impedire accessi non autorizzati, divulgazione, modifica o distruzione non autorizzata dei dati. Ci impegniamo a tutelare la sicurezza dei tuoi dati personali durante il loro invio, utilizzando il software Secure Sockets Layer (SSL), che cripta le informazioni in transito. Il trattamento viene effettuato mediante strumenti informatici e\/o telematici, con modalit\u00e0 organizzative e con logiche strettamente correlate alle finalit\u00e0 indicate. Oltre al Titolare, in alcuni casi, potrebbero avere accesso ai dati categorie di incaricati coinvolti nell\u2019organizzazione del sito ovvero soggetti esterni (come fornitori di servizi tecnici terzi, hosting provider).&nbsp;<\/p>\n<p>&nbsp;<\/p>\n<h4>Diritti dell&#8217;utente<br><img decoding=\"async\" src=\"https:\/\/protezionedatipersonali.it\/images\/scelte_e_obblighi.jpg\" alt=\"scelte e obblighi\" title=\"\"><\/h4>\n<p>Ai sensi del Regolamento europeo 679\/2016 (GDPR) l&#8217;Utente pu\u00f2, secondo le modalit\u00e0 e nei limiti previsti dalla vigente normativa, esercitare i seguenti diritti:<\/p>\n<p>&#8211; opporsi in tutto o in parte, per motivi legittimi al trattamento dei dati personali che lo riguardano ai fini di invio di materiale pubblicitario o di vendita diretta o per il compimento di ricerche di mercato o di comunicazione commerciale;<br>&#8211; richiedere la conferma dell&#8217;esistenza di dati personali che lo riguardano (diritto di accesso);<br>&#8211; conoscerne l&#8217;origine;<br>&#8211; riceverne comunicazione intelligibile;<br>&#8211; avere informazioni circa la logica, le modalit\u00e0 e le finalit\u00e0 del trattamento;<br>&#8211; richiederne l&#8217;aggiornamento, la rettifica, l&#8217;integrazione, la cancellazione, la trasformazione in forma anonima, il blocco dei dati trattati in violazione di legge, ivi compresi quelli non pi\u00f9 necessari al perseguimento degli scopi per i quali sono stati raccolti;<br>&#8211; nei casi di trattamento basato su consenso, ricevere al solo costo dell\u2019eventuale supporto, i suoi dati forniti al titolare, in forma strutturata e leggibile da un elaboratore di dati e in un formato comunemente usato da un dispositivo elettronico;<br>&#8211; il diritto di presentare un reclamo all\u2019Autorit\u00e0 di controllo (Garante Privacy \u2013&nbsp;<a title=\"CHE COS&#039;E&#039; IL RECLAMO E COME SI PRESENTA AL GARANTE\" href=\"https:\/\/www.garanteprivacy.it\/web\/guest\/home\/docweb\/-\/docweb-display\/docweb\/4535524\" target=\"_blank\" rel=\"noopener\">link alla pagina del Garante<\/a>);<br>&#8211; nonch\u00e9, pi\u00f9 in generale, esercitare tutti i diritti che gli sono riconosciuti dalle vigenti disposizioni di legge.<\/p>\n<p>Le richieste vanno rivolte al Titolare del trattamento.<\/p>\n<h4>&nbsp;<\/h4>\n<p>&nbsp;<\/p>\n<h4>Aggiornamenti<\/h4>\n<p>La presente privacy policy \u00e8 aggiornata alla data del 26 luglio 2019.&nbsp;<\/p>\t\t\t\t\t\t\t\t<\/div>\n\t\t\t\t<\/div>\n\t\t\t\t\t<\/div>\n\t\t<\/div>\n\t\t\t\t\t<\/div>\n\t\t<\/section>\n\t\t\t\t<\/div>\n\t\t","protected":false},"excerpt":{"rendered":"<p>Privacy Policy Soggetti del trattamento &nbsp;Titolare&nbsp;del trattamento ai sensi delle leggi vigenti \u00e8 l&#8217;amministratore del sito, Eteria SRLS, contattabile tramite la sezione&nbsp;CONTATTI&nbsp;di questo sito. &nbsp; &nbsp; Base giuridica del trattamento Il presente sito tratta i dati prevalentemente in base al&nbsp;consenso&nbsp;degli utenti. Il conferimento del consenso avviene tramite il banner posto in fondo alla pagina, oppure [&hellip;]<\/p>\n","protected":false},"author":1,"featured_media":0,"parent":0,"menu_order":0,"comment_status":"closed","ping_status":"closed","template":"","meta":{"_acf_changed":false,"footnotes":""},"class_list":["post-3437","page","type-page","status-publish","hentry"],"acf":[],"_links":{"self":[{"href":"https:\/\/www.eteria.biz\/en\/wp-json\/wp\/v2\/pages\/3437","targetHints":{"allow":["GET"]}}],"collection":[{"href":"https:\/\/www.eteria.biz\/en\/wp-json\/wp\/v2\/pages"}],"about":[{"href":"https:\/\/www.eteria.biz\/en\/wp-json\/wp\/v2\/types\/page"}],"author":[{"embeddable":true,"href":"https:\/\/www.eteria.biz\/en\/wp-json\/wp\/v2\/users\/1"}],"replies":[{"embeddable":true,"href":"https:\/\/www.eteria.biz\/en\/wp-json\/wp\/v2\/comments?post=3437"}],"version-history":[{"count":12,"href":"https:\/\/www.eteria.biz\/en\/wp-json\/wp\/v2\/pages\/3437\/revisions"}],"predecessor-version":[{"id":5092,"href":"https:\/\/www.eteria.biz\/en\/wp-json\/wp\/v2\/pages\/3437\/revisions\/5092"}],"wp:attachment":[{"href":"https:\/\/www.eteria.biz\/en\/wp-json\/wp\/v2\/media?parent=3437"}],"curies":[{"name":"wp","href":"https:\/\/api.w.org\/{rel}","templated":true}]}}